{"id":2,"date":"2026-02-10T10:59:04","date_gmt":"2026-02-10T10:59:04","guid":{"rendered":"https:\/\/peluqueriaosirisbarakaldo.rkinformatika.online\/?page_id=2"},"modified":"2026-02-12T17:06:47","modified_gmt":"2026-02-12T17:06:47","slug":"inicio","status":"publish","type":"page","link":"https:\/\/peluqueriaosirisbarakaldo.es\/eu\/","title":{"rendered":"Inicio"},"content":{"rendered":"<div data-elementor-type=\"wp-page\" data-elementor-id=\"2\" class=\"elementor elementor-2\" data-elementor-post-type=\"page\">\n\t\t\t\t<div class=\"elementor-element elementor-element-0f3840e e-con-full e-flex e-con e-parent\" data-id=\"0f3840e\" data-element_type=\"container\" data-e-type=\"container\" data-settings=\"{&quot;background_background&quot;:&quot;classic&quot;}\">\n\t\t<div class=\"elementor-element elementor-element-60599b5 e-con-full e-flex e-con e-child\" data-id=\"60599b5\" data-element_type=\"container\" data-e-type=\"container\">\n\t\t\t\t<div class=\"elementor-element elementor-element-bf623ba elementor-widget__width-inherit elementor-widget-mobile__width-initial elementor-widget elementor-widget-heading\" data-id=\"bf623ba\" data-element_type=\"widget\" data-e-type=\"widget\" data-widget_type=\"heading.default\">\n\t\t\t\t\t<h1 class=\"elementor-heading-title elementor-size-default\">Osiris ile-apaindegia<\/h1>\t\t\t\t<\/div>\n\t\t\t\t<div class=\"elementor-element elementor-element-fd6ddd5 elementor-widget__width-inherit elementor-widget-mobile__width-initial elementor-widget elementor-widget-text-editor\" data-id=\"fd6ddd5\" data-element_type=\"widget\" data-e-type=\"widget\" data-widget_type=\"text-editor.default\">\n\t\t\t\t\t\t\t\t\t<p>Zure eraldaketa hemen hasten da!<\/p>\t\t\t\t\t\t\t\t<\/div>\n\t\t\t\t<\/div>\n\t\t\t\t<\/div>\n\t\t<div class=\"elementor-element elementor-element-8f34891 e-flex e-con-boxed e-con e-parent\" data-id=\"8f34891\" data-element_type=\"container\" data-e-type=\"container\" data-settings=\"{&quot;background_background&quot;:&quot;classic&quot;}\">\n\t\t\t\t\t<div class=\"e-con-inner\">\n\t\t<div class=\"elementor-element elementor-element-a575cd1 e-con-full e-flex e-con e-child\" data-id=\"a575cd1\" data-element_type=\"container\" data-e-type=\"container\">\n\t\t\t\t<div class=\"elementor-element elementor-element-5c684fb elementor-widget__width-initial elementor-widget-mobile__width-initial elementor-widget elementor-widget-heading\" data-id=\"5c684fb\" data-element_type=\"widget\" data-e-type=\"widget\" data-widget_type=\"heading.default\">\n\t\t\t\t\t<h1 class=\"elementor-heading-title elementor-size-default\">Bienvenidos<\/h1>\t\t\t\t<\/div>\n\t\t\t\t<div class=\"elementor-element elementor-element-1eef8cb elementor-widget elementor-widget-text-editor\" data-id=\"1eef8cb\" data-element_type=\"widget\" data-e-type=\"widget\" data-widget_type=\"text-editor.default\">\n\t\t\t\t\t\t\t\t\t<p>Peluqueria abierta desde 1986 la cual se ha ido convirtiendo en un sal\u00f3n org\u00e1nico con filosof\u00eda de cosm\u00e9tica natural, tratamientos, venta y cuidados con productos creados a base de plantas e ingredientes BIO.<\/p><p>Creemos en la importancia de la formaci\u00f3n continua, asistimos regularmente a cursos y talleres para ofrecerte los mejores servicios de peluquer\u00eda organica.<\/p>\t\t\t\t\t\t\t\t<\/div>\n\t\t\t\t<\/div>\n\t\t<div class=\"elementor-element elementor-element-ade92f0 e-con-full e-flex e-con e-child\" data-id=\"ade92f0\" data-element_type=\"container\" data-e-type=\"container\">\n\t\t\t\t<div class=\"elementor-element elementor-element-a490795 elementor-widget elementor-widget-image\" data-id=\"a490795\" data-element_type=\"widget\" data-e-type=\"widget\" data-widget_type=\"image.default\">\n\t\t\t\t\t\t\t\t\t\t\t\t\t\t\t<img fetchpriority=\"high\" decoding=\"async\" width=\"1800\" height=\"2105\" src=\"https:\/\/peluqueriaosirisbarakaldo.es\/wp-content\/uploads\/2026\/02\/foto1.jpg\" class=\"attachment-full size-full wp-image-142\" alt=\"\" srcset=\"https:\/\/peluqueriaosirisbarakaldo.es\/wp-content\/uploads\/2026\/02\/foto1.jpg 1800w, https:\/\/peluqueriaosirisbarakaldo.es\/wp-content\/uploads\/2026\/02\/foto1-257x300.jpg 257w, https:\/\/peluqueriaosirisbarakaldo.es\/wp-content\/uploads\/2026\/02\/foto1-876x1024.jpg 876w, https:\/\/peluqueriaosirisbarakaldo.es\/wp-content\/uploads\/2026\/02\/foto1-768x898.jpg 768w, https:\/\/peluqueriaosirisbarakaldo.es\/wp-content\/uploads\/2026\/02\/foto1-1313x1536.jpg 1313w, https:\/\/peluqueriaosirisbarakaldo.es\/wp-content\/uploads\/2026\/02\/foto1-1751x2048.jpg 1751w, https:\/\/peluqueriaosirisbarakaldo.es\/wp-content\/uploads\/2026\/02\/foto1-10x12.jpg 10w\" sizes=\"(max-width: 1800px) 100vw, 1800px\" \/>\t\t\t\t\t\t\t\t\t\t\t\t\t\t\t<\/div>\n\t\t\t\t<\/div>\n\t\t\t\t\t<\/div>\n\t\t\t\t<\/div>\n\t\t<div class=\"elementor-element elementor-element-9ee17c4 e-flex e-con-boxed e-con e-parent\" data-id=\"9ee17c4\" data-element_type=\"container\" data-e-type=\"container\" data-settings=\"{&quot;background_background&quot;:&quot;classic&quot;}\">\n\t\t\t\t\t<div class=\"e-con-inner\">\n\t\t\t\t<div class=\"elementor-element elementor-element-f19edc1 elementor-widget__width-inherit elementor-widget-mobile__width-initial elementor-invisible elementor-widget elementor-widget-heading\" data-id=\"f19edc1\" data-element_type=\"widget\" data-e-type=\"widget\" data-settings=\"{&quot;_animation&quot;:&quot;fadeInLeft&quot;}\" data-widget_type=\"heading.default\">\n\t\t\t\t\t<h1 class=\"elementor-heading-title elementor-size-default\">Te asesoramos sobre el cuidado y la salud del cabello.<\/h1>\t\t\t\t<\/div>\n\t\t\t\t<div class=\"elementor-element elementor-element-d6903ea elementor-align-center elementor-invisible elementor-widget elementor-widget-button\" data-id=\"d6903ea\" data-element_type=\"widget\" data-e-type=\"widget\" data-settings=\"{&quot;_animation&quot;:&quot;fadeInLeft&quot;}\" data-widget_type=\"button.default\">\n\t\t\t\t\t\t\t\t\t\t<a class=\"elementor-button elementor-button-link elementor-size-sm\" href=\"\/eu\/servicios\/\">\n\t\t\t\t\t\t<span class=\"elementor-button-content-wrapper\">\n\t\t\t\t\t\t\t\t\t<span class=\"elementor-button-text\">Servicios<\/span>\n\t\t\t\t\t<\/span>\n\t\t\t\t\t<\/a>\n\t\t\t\t\t\t\t\t<\/div>\n\t\t\t\t\t<\/div>\n\t\t\t\t<\/div>\n\t\t<div class=\"elementor-element elementor-element-59455c2 e-flex e-con-boxed e-con e-parent\" data-id=\"59455c2\" data-element_type=\"container\" data-e-type=\"container\" data-settings=\"{&quot;background_background&quot;:&quot;classic&quot;}\">\n\t\t\t\t\t<div class=\"e-con-inner\">\n\t\t<div class=\"elementor-element elementor-element-a3b7cde e-con-full e-flex e-con e-child\" data-id=\"a3b7cde\" data-element_type=\"container\" data-e-type=\"container\">\n\t\t\t\t<div class=\"elementor-element elementor-element-ffd6a52 elementor-widget elementor-widget-image\" data-id=\"ffd6a52\" data-element_type=\"widget\" data-e-type=\"widget\" data-widget_type=\"image.default\">\n\t\t\t\t\t\t\t\t\t\t\t\t\t\t\t<img decoding=\"async\" width=\"1080\" height=\"1424\" src=\"https:\/\/peluqueriaosirisbarakaldo.es\/wp-content\/uploads\/2026\/02\/1000334738.jpg\" class=\"attachment-full size-full wp-image-140\" alt=\"\" srcset=\"https:\/\/peluqueriaosirisbarakaldo.es\/wp-content\/uploads\/2026\/02\/1000334738.jpg 1080w, https:\/\/peluqueriaosirisbarakaldo.es\/wp-content\/uploads\/2026\/02\/1000334738-228x300.jpg 228w, https:\/\/peluqueriaosirisbarakaldo.es\/wp-content\/uploads\/2026\/02\/1000334738-777x1024.jpg 777w, https:\/\/peluqueriaosirisbarakaldo.es\/wp-content\/uploads\/2026\/02\/1000334738-768x1013.jpg 768w, https:\/\/peluqueriaosirisbarakaldo.es\/wp-content\/uploads\/2026\/02\/1000334738-9x12.jpg 9w\" sizes=\"(max-width: 1080px) 100vw, 1080px\" \/>\t\t\t\t\t\t\t\t\t\t\t\t\t\t\t<\/div>\n\t\t\t\t<\/div>\n\t\t<div class=\"elementor-element elementor-element-e53c4e9 e-con-full e-flex e-con e-child\" data-id=\"e53c4e9\" data-element_type=\"container\" data-e-type=\"container\">\n\t\t\t\t<div class=\"elementor-element elementor-element-2f75252 elementor-widget__width-initial elementor-widget-mobile__width-initial elementor-widget elementor-widget-heading\" data-id=\"2f75252\" data-element_type=\"widget\" data-e-type=\"widget\" data-widget_type=\"heading.default\">\n\t\t\t\t\t<h1 class=\"elementor-heading-title elementor-size-default\">\u00a1Cuidamos tu pelo como merece!<\/h1>\t\t\t\t<\/div>\n\t\t\t\t<div class=\"elementor-element elementor-element-9b4106a elementor-widget elementor-widget-text-editor\" data-id=\"9b4106a\" data-element_type=\"widget\" data-e-type=\"widget\" data-widget_type=\"text-editor.default\">\n\t\t\t\t\t\t\t\t\t<p>Somos un sal\u00f3n organico con una filosof\u00eda de cuidado de cabello y cuero cabelludo natural y respetuosa con el medio ambiente.<br \/>Nuestra misi\u00f3n es brindarte una experiencia \u00fanica que no solo embellezca, sino que tambi\u00e9n respete tu bienestar y el del planeta.<br \/>Ofrecemos asesoramiento sobre el cuidado y la salud del cabello.<\/p><p>Utilizamos t\u00e9cnicas innovadoras y productos de alta calidad para asegurarnos de que cada cliente salga satisfecho y reparado.<\/p>\t\t\t\t\t\t\t\t<\/div>\n\t\t\t\t<\/div>\n\t\t\t\t\t<\/div>\n\t\t\t\t<\/div>\n\t\t\t\t<\/div>","protected":false},"excerpt":{"rendered":"<p>Peluquer\u00eda Osiris \u00a1Tu transformaci\u00f3n comienza aqu\u00ed! Bienvenidos Peluqueria abierta desde 1986 la cual se ha ido convirtiendo en un sal\u00f3n org\u00e1nico con filosof\u00eda de cosm\u00e9tica natural, tratamientos, venta y cuidados con productos creados a base de plantas e ingredientes BIO. Creemos en la importancia de la formaci\u00f3n continua, asistimos regularmente a cursos y talleres para [&hellip;]<\/p>\n","protected":false},"author":1,"featured_media":0,"parent":0,"menu_order":0,"comment_status":"closed","ping_status":"closed","template":"elementor_canvas","meta":{"footnotes":""},"class_list":["post-2","page","type-page","status-publish","hentry"],"yoast_head":"<!-- This site is optimized with the Yoast SEO plugin v27.3 - https:\/\/yoast.com\/product\/yoast-seo-wordpress\/ -->\n<title>Inicio - Peluquer\u00eda Osiris<\/title>\n<meta name=\"robots\" content=\"index, follow, max-snippet:-1, max-image-preview:large, max-video-preview:-1\" \/>\n<link rel=\"canonical\" href=\"https:\/\/peluqueriaosirisbarakaldo.es\/eu\/\" \/>\n<meta property=\"og:locale\" content=\"en_US\" \/>\n<meta property=\"og:type\" content=\"article\" \/>\n<meta property=\"og:title\" content=\"Inicio - Peluquer\u00eda Osiris\" \/>\n<meta property=\"og:description\" content=\"Peluquer\u00eda Osiris \u00a1Tu transformaci\u00f3n comienza aqu\u00ed! Bienvenidos Peluqueria abierta desde 1986 la cual se ha ido convirtiendo en un sal\u00f3n org\u00e1nico con filosof\u00eda de cosm\u00e9tica natural, tratamientos, venta y cuidados con productos creados a base de plantas e ingredientes BIO. Creemos en la importancia de la formaci\u00f3n continua, asistimos regularmente a cursos y talleres para [&hellip;]\" \/>\n<meta property=\"og:url\" content=\"https:\/\/peluqueriaosirisbarakaldo.es\/eu\/\" \/>\n<meta property=\"og:site_name\" content=\"Peluquer\u00eda Osiris\" \/>\n<meta property=\"article:modified_time\" content=\"2026-02-12T17:06:47+00:00\" \/>\n<meta property=\"og:image\" content=\"https:\/\/peluqueriaosirisbarakaldo.es\/wp-content\/uploads\/2026\/02\/foto1.jpg\" \/>\n<meta name=\"twitter:card\" content=\"summary_large_image\" \/>\n<meta name=\"twitter:label1\" content=\"Est. reading time\" \/>\n\t<meta name=\"twitter:data1\" content=\"1 minutua\" \/>\n<script type=\"application\/ld+json\" class=\"yoast-schema-graph\">{\"@context\":\"https:\\\/\\\/schema.org\",\"@graph\":[{\"@type\":\"WebPage\",\"@id\":\"https:\\\/\\\/peluqueriaosirisbarakaldo.es\\\/\",\"url\":\"https:\\\/\\\/peluqueriaosirisbarakaldo.es\\\/\",\"name\":\"Inicio - Peluquer\u00eda Osiris\",\"isPartOf\":{\"@id\":\"https:\\\/\\\/peluqueriaosirisbarakaldo.es\\\/#website\"},\"primaryImageOfPage\":{\"@id\":\"https:\\\/\\\/peluqueriaosirisbarakaldo.es\\\/#primaryimage\"},\"image\":{\"@id\":\"https:\\\/\\\/peluqueriaosirisbarakaldo.es\\\/#primaryimage\"},\"thumbnailUrl\":\"https:\\\/\\\/peluqueriaosirisbarakaldo.es\\\/wp-content\\\/uploads\\\/2026\\\/02\\\/foto1.jpg\",\"datePublished\":\"2026-02-10T10:59:04+00:00\",\"dateModified\":\"2026-02-12T17:06:47+00:00\",\"breadcrumb\":{\"@id\":\"https:\\\/\\\/peluqueriaosirisbarakaldo.es\\\/#breadcrumb\"},\"inLanguage\":\"eu\",\"potentialAction\":[{\"@type\":\"ReadAction\",\"target\":[\"https:\\\/\\\/peluqueriaosirisbarakaldo.es\\\/\"]}]},{\"@type\":\"ImageObject\",\"inLanguage\":\"eu\",\"@id\":\"https:\\\/\\\/peluqueriaosirisbarakaldo.es\\\/#primaryimage\",\"url\":\"https:\\\/\\\/peluqueriaosirisbarakaldo.es\\\/wp-content\\\/uploads\\\/2026\\\/02\\\/foto1.jpg\",\"contentUrl\":\"https:\\\/\\\/peluqueriaosirisbarakaldo.es\\\/wp-content\\\/uploads\\\/2026\\\/02\\\/foto1.jpg\"},{\"@type\":\"BreadcrumbList\",\"@id\":\"https:\\\/\\\/peluqueriaosirisbarakaldo.es\\\/#breadcrumb\",\"itemListElement\":[{\"@type\":\"ListItem\",\"position\":1,\"name\":\"Portada\",\"item\":\"https:\\\/\\\/peluqueriaosirisbarakaldo.es\\\/\"},{\"@type\":\"ListItem\",\"position\":2,\"name\":\"Inicio\"}]},{\"@type\":\"WebSite\",\"@id\":\"https:\\\/\\\/peluqueriaosirisbarakaldo.es\\\/#website\",\"url\":\"https:\\\/\\\/peluqueriaosirisbarakaldo.es\\\/\",\"name\":\"Peluquer\u00eda Osiris\",\"description\":\"Peluquer\u00cda Osiris\",\"publisher\":{\"@id\":\"https:\\\/\\\/peluqueriaosirisbarakaldo.es\\\/#organization\"},\"potentialAction\":[{\"@type\":\"SearchAction\",\"target\":{\"@type\":\"EntryPoint\",\"urlTemplate\":\"https:\\\/\\\/peluqueriaosirisbarakaldo.es\\\/?s={search_term_string}\"},\"query-input\":{\"@type\":\"PropertyValueSpecification\",\"valueRequired\":true,\"valueName\":\"search_term_string\"}}],\"inLanguage\":\"eu\"},{\"@type\":\"Organization\",\"@id\":\"https:\\\/\\\/peluqueriaosirisbarakaldo.es\\\/#organization\",\"name\":\"Peluquer\u00eda Osiris\",\"url\":\"https:\\\/\\\/peluqueriaosirisbarakaldo.es\\\/\",\"logo\":{\"@type\":\"ImageObject\",\"inLanguage\":\"eu\",\"@id\":\"https:\\\/\\\/peluqueriaosirisbarakaldo.es\\\/#\\\/schema\\\/logo\\\/image\\\/\",\"url\":\"https:\\\/\\\/peluqueriaosirisbarakaldo.es\\\/wp-content\\\/uploads\\\/2026\\\/02\\\/logo-removebg-preview.png\",\"contentUrl\":\"https:\\\/\\\/peluqueriaosirisbarakaldo.es\\\/wp-content\\\/uploads\\\/2026\\\/02\\\/logo-removebg-preview.png\",\"width\":500,\"height\":500,\"caption\":\"Peluquer\u00eda Osiris\"},\"image\":{\"@id\":\"https:\\\/\\\/peluqueriaosirisbarakaldo.es\\\/#\\\/schema\\\/logo\\\/image\\\/\"}}]}<\/script>\n<!-- \/ Yoast SEO plugin. -->","yoast_head_json":{"title":"Inicio - Peluquer\u00eda Osiris","robots":{"index":"index","follow":"follow","max-snippet":"max-snippet:-1","max-image-preview":"max-image-preview:large","max-video-preview":"max-video-preview:-1"},"canonical":"https:\/\/peluqueriaosirisbarakaldo.es\/eu\/","og_locale":"en_US","og_type":"article","og_title":"Inicio - Peluquer\u00eda Osiris","og_description":"Peluquer\u00eda Osiris \u00a1Tu transformaci\u00f3n comienza aqu\u00ed! Bienvenidos Peluqueria abierta desde 1986 la cual se ha ido convirtiendo en un sal\u00f3n org\u00e1nico con filosof\u00eda de cosm\u00e9tica natural, tratamientos, venta y cuidados con productos creados a base de plantas e ingredientes BIO. Creemos en la importancia de la formaci\u00f3n continua, asistimos regularmente a cursos y talleres para [&hellip;]","og_url":"https:\/\/peluqueriaosirisbarakaldo.es\/eu\/","og_site_name":"Peluquer\u00eda Osiris","article_modified_time":"2026-02-12T17:06:47+00:00","og_image":[{"url":"https:\/\/peluqueriaosirisbarakaldo.es\/wp-content\/uploads\/2026\/02\/foto1.jpg","type":"","width":"","height":""}],"twitter_card":"summary_large_image","twitter_misc":{"Est. reading time":"1 minutua"},"schema":{"@context":"https:\/\/schema.org","@graph":[{"@type":"WebPage","@id":"https:\/\/peluqueriaosirisbarakaldo.es\/","url":"https:\/\/peluqueriaosirisbarakaldo.es\/","name":"Inicio - Peluquer\u00eda Osiris","isPartOf":{"@id":"https:\/\/peluqueriaosirisbarakaldo.es\/#website"},"primaryImageOfPage":{"@id":"https:\/\/peluqueriaosirisbarakaldo.es\/#primaryimage"},"image":{"@id":"https:\/\/peluqueriaosirisbarakaldo.es\/#primaryimage"},"thumbnailUrl":"https:\/\/peluqueriaosirisbarakaldo.es\/wp-content\/uploads\/2026\/02\/foto1.jpg","datePublished":"2026-02-10T10:59:04+00:00","dateModified":"2026-02-12T17:06:47+00:00","breadcrumb":{"@id":"https:\/\/peluqueriaosirisbarakaldo.es\/#breadcrumb"},"inLanguage":"eu","potentialAction":[{"@type":"ReadAction","target":["https:\/\/peluqueriaosirisbarakaldo.es\/"]}]},{"@type":"ImageObject","inLanguage":"eu","@id":"https:\/\/peluqueriaosirisbarakaldo.es\/#primaryimage","url":"https:\/\/peluqueriaosirisbarakaldo.es\/wp-content\/uploads\/2026\/02\/foto1.jpg","contentUrl":"https:\/\/peluqueriaosirisbarakaldo.es\/wp-content\/uploads\/2026\/02\/foto1.jpg"},{"@type":"BreadcrumbList","@id":"https:\/\/peluqueriaosirisbarakaldo.es\/#breadcrumb","itemListElement":[{"@type":"ListItem","position":1,"name":"Portada","item":"https:\/\/peluqueriaosirisbarakaldo.es\/"},{"@type":"ListItem","position":2,"name":"Inicio"}]},{"@type":"WebSite","@id":"https:\/\/peluqueriaosirisbarakaldo.es\/#website","url":"https:\/\/peluqueriaosirisbarakaldo.es\/","name":"Osiris ile-apaindegia","description":"Peluquer\u00cda Osiris","publisher":{"@id":"https:\/\/peluqueriaosirisbarakaldo.es\/#organization"},"potentialAction":[{"@type":"SearchAction","target":{"@type":"EntryPoint","urlTemplate":"https:\/\/peluqueriaosirisbarakaldo.es\/?s={search_term_string}"},"query-input":{"@type":"PropertyValueSpecification","valueRequired":true,"valueName":"search_term_string"}}],"inLanguage":"eu"},{"@type":"Organization","@id":"https:\/\/peluqueriaosirisbarakaldo.es\/#organization","name":"Osiris ile-apaindegia","url":"https:\/\/peluqueriaosirisbarakaldo.es\/","logo":{"@type":"ImageObject","inLanguage":"eu","@id":"https:\/\/peluqueriaosirisbarakaldo.es\/#\/schema\/logo\/image\/","url":"https:\/\/peluqueriaosirisbarakaldo.es\/wp-content\/uploads\/2026\/02\/logo-removebg-preview.png","contentUrl":"https:\/\/peluqueriaosirisbarakaldo.es\/wp-content\/uploads\/2026\/02\/logo-removebg-preview.png","width":500,"height":500,"caption":"Peluquer\u00eda Osiris"},"image":{"@id":"https:\/\/peluqueriaosirisbarakaldo.es\/#\/schema\/logo\/image\/"}}]}},"_links":{"self":[{"href":"https:\/\/peluqueriaosirisbarakaldo.es\/eu\/wp-json\/wp\/v2\/pages\/2","targetHints":{"allow":["GET"]}}],"collection":[{"href":"https:\/\/peluqueriaosirisbarakaldo.es\/eu\/wp-json\/wp\/v2\/pages"}],"about":[{"href":"https:\/\/peluqueriaosirisbarakaldo.es\/eu\/wp-json\/wp\/v2\/types\/page"}],"author":[{"embeddable":true,"href":"https:\/\/peluqueriaosirisbarakaldo.es\/eu\/wp-json\/wp\/v2\/users\/1"}],"replies":[{"embeddable":true,"href":"https:\/\/peluqueriaosirisbarakaldo.es\/eu\/wp-json\/wp\/v2\/comments?post=2"}],"version-history":[{"count":178,"href":"https:\/\/peluqueriaosirisbarakaldo.es\/eu\/wp-json\/wp\/v2\/pages\/2\/revisions"}],"predecessor-version":[{"id":521,"href":"https:\/\/peluqueriaosirisbarakaldo.es\/eu\/wp-json\/wp\/v2\/pages\/2\/revisions\/521"}],"wp:attachment":[{"href":"https:\/\/peluqueriaosirisbarakaldo.es\/eu\/wp-json\/wp\/v2\/media?parent=2"}],"curies":[{"name":"wp","href":"https:\/\/api.w.org\/{rel}","templated":true}]}}